{"id":100,"date":"2024-06-20T09:44:28","date_gmt":"2024-06-20T09:44:28","guid":{"rendered":"http:\/\/himalayandorjeeling.com\/?page_id=100"},"modified":"2025-09-08T11:28:07","modified_gmt":"2025-09-08T11:28:07","slug":"__trashed-2","status":"publish","type":"page","link":"https:\/\/himalayandorjeeling.com\/?page_id=100","title":{"rendered":"DER CHAMPAGNER DES TEES"},"content":{"rendered":"<p>[et_pb_section fb_built=&#8221;1&#8243; _builder_version=&#8221;4.24.2&#8243; _module_preset=&#8221;default&#8221; global_colors_info=&#8221;{}&#8221;][et_pb_row _builder_version=&#8221;4.24.2&#8243; _module_preset=&#8221;default&#8221; global_colors_info=&#8221;{}&#8221;][et_pb_column type=&#8221;4_4&#8243; _builder_version=&#8221;4.24.2&#8243; _module_preset=&#8221;default&#8221; global_colors_info=&#8221;{}&#8221;][et_pb_heading title=&#8221;DER CHAMPAGNER UNTER DEN TEES&#8221; _builder_version=&#8221;4.24.2&#8243; _module_preset=&#8221;default&#8221; text_shadow_style=&#8221;preset1&#8243; global_colors_info=&#8221;{}&#8221;][\/et_pb_heading][\/et_pb_column][\/et_pb_row][et_pb_row column_structure=&#8221;1_2,1_2&#8243; _builder_version=&#8221;4.24.2&#8243; _module_preset=&#8221;default&#8221; custom_margin=&#8221;-36px|auto||auto||&#8221; global_colors_info=&#8221;{}&#8221;][et_pb_column type=&#8221;1_2&#8243; _builder_version=&#8221;4.24.2&#8243; _module_preset=&#8221;default&#8221; global_colors_info=&#8221;{}&#8221;][et_pb_image src=&#8221;http:\/\/himalayandorjeeling.com\/wp-content\/uploads\/2024\/02\/IMG_5142.jpg&#8221; title_text=&#8221;IMG_5142&#8243; _builder_version=&#8221;4.24.2&#8243; _module_preset=&#8221;default&#8221; width=&#8221;100%&#8221; global_colors_info=&#8221;{}&#8221;][\/et_pb_image][\/et_pb_column][et_pb_column type=&#8221;1_2&#8243; _builder_version=&#8221;4.24.2&#8243; _module_preset=&#8221;default&#8221; global_colors_info=&#8221;{}&#8221;][et_pb_text _builder_version=&#8221;4.27.4&#8243; _module_preset=&#8221;default&#8221; text_font=&#8221;||||||||&#8221; text_font_size=&#8221;16px&#8221; hover_enabled=&#8221;0&#8243; global_colors_info=&#8221;{}&#8221; sticky_enabled=&#8221;0&#8243;]<\/p>\n<p style=\"text-align: justify;\"><span style=\"color: #000000;\"><span style=\"font-size: 16px;\">\u201eIm Fr\u00fchling trifft der warme Monsunregen sanft auf die Berge des Himalaya. Magische Nebelschwaden steigen wie g\u00f6ttliche Drachen aus den W\u00e4ldern auf \u2013 so entfaltet sich die mystische Atmosph\u00e4re von <\/span><em style=\"font-size: 16px;\">Dorjeeling<\/em><span style=\"font-size: 16px;\">, dem heutigen Darjeeling.<\/span><\/span><\/p>\n<p class=\"ds-markdown-paragraph\" style=\"text-align: justify;\"><span style=\"color: #000000;\">Hier, in den Ausl\u00e4ufern des Himalaya auf 700 bis 2.100 Metern H\u00f6he, w\u00e4chst der ber\u00fchmte *Himalaya-Dorjeeling-Tee*, der weltweit als *Darjeeling-Tee* bekannt ist. Sein einzigartiger, blumig-zarter Geschmack macht ihn zur begehrtesten Teesorte unter Kennern und zu einem der exklusivsten \u2013 und teuersten \u2013 Tees der Welt.<\/span><\/p>\n<p class=\"ds-markdown-paragraph\" style=\"text-align: justify;\"><span style=\"color: #000000;\">Echte Teeliebhaber sagen: *Ohne Darjeeling-Tee w\u00e4re die Teewelt so unvollst\u00e4ndig wie die Weinwelt ohne Champagner.*\u201c<\/span><\/p>\n<p style=\"text-align: justify;\"><span><\/span><\/p>\n<p style=\"text-align: justify;\"><span><\/span><\/p>\n<p>[\/et_pb_text][\/et_pb_column][\/et_pb_row][et_pb_row column_structure=&#8221;1_2,1_2&#8243; _builder_version=&#8221;4.24.2&#8243; _module_preset=&#8221;default&#8221; global_colors_info=&#8221;{}&#8221;][et_pb_column type=&#8221;1_2&#8243; _builder_version=&#8221;4.24.2&#8243; _module_preset=&#8221;default&#8221; global_colors_info=&#8221;{}&#8221;][et_pb_text _builder_version=&#8221;4.27.3&#8243; _module_preset=&#8221;default&#8221; text_font_size=&#8221;16px&#8221; global_colors_info=&#8221;{}&#8221; custom_padding=&#8221;||1px|||&#8221;]<\/p>\n<p style=\"text-align: justify;\"><span style=\"color: #000000;\">Der Dank geht ausschlie\u00dflich an die qualifizierten Arbeiter: f\u00fcr die Herstellung eines solch k\u00f6stlichen Tees, der die Tradition bewahrt und den alle jeher f\u00fcr seinen einzigartigen moschusartigen Duft lieben. Seit der britischen Kolonialzeit bis heute arbeiten Mitarbeiter im instabilen und steilen Terrain des Himalaya, um die besten schwarzen, Oolong-, gr\u00fcnen und wei\u00dfen Tees zu produzieren.<\/span><\/p>\n<p class=\"ds-markdown-paragraph\" style=\"text-align: justify;\">\u201e<span style=\"color: #000000;\">Der Distrikt Darjeeling geh\u00f6rt zum indischen Bundesstaat Westbengalen und ist seit 1999 als UNESCO-Weltkulturerbe anerkannt. Mit einer Fl\u00e4che von rund 10,58 Quadratkilometern erstrecken sich hier 87 Teeplantagen, die zusammen mit ausgedehnten Waldgebieten die Landschaft pr\u00e4gen \u2013 von Darjeeling \u00fcber Kalimpong bis hin zu Duars und Terai.<\/span><\/p>\n<p class=\"ds-markdown-paragraph\" style=\"text-align: justify;\"><span style=\"color: #000000;\">Der Name <em>Dorjeeling<\/em> leitet sich aus der Sprache der indigenen Lepcha ab: <em>Dorjee<\/em> bedeutet \u201aDonner\u2018, <em>Ling<\/em> steht f\u00fcr \u201aOrt\u2018. Der Legende nach ist dies ein seit der Antike heiliger Ort, der vom Donner erschaffen wurde und mit dem Glauben an <em>Makalu Baba<\/em> verbunden ist \u2013 eine Gottheit, die als Sch\u00f6pfer des Universums verehrt wird.\u201c<\/span><\/p>\n<p style=\"text-align: justify;\">\n<p>[\/et_pb_text][\/et_pb_column][et_pb_column type=&#8221;1_2&#8243; _builder_version=&#8221;4.24.2&#8243; _module_preset=&#8221;default&#8221; global_colors_info=&#8221;{}&#8221;][et_pb_image src=&#8221;http:\/\/himalayandorjeeling.com\/wp-content\/uploads\/2024\/02\/BW-Darj.jpg&#8221; title_text=&#8221;BW Darj&#8221; _builder_version=&#8221;4.24.2&#8243; _module_preset=&#8221;default&#8221; global_colors_info=&#8221;{}&#8221;][\/et_pb_image][\/et_pb_column][\/et_pb_row][et_pb_row _builder_version=&#8221;4.27.4&#8243; _module_preset=&#8221;default&#8221; global_colors_info=&#8221;{}&#8221;][et_pb_column type=&#8221;4_4&#8243; _builder_version=&#8221;4.24.2&#8243; _module_preset=&#8221;default&#8221; global_colors_info=&#8221;{}&#8221;][et_pb_text _builder_version=&#8221;4.27.4&#8243; _module_preset=&#8221;default&#8221; text_font_size=&#8221;16px&#8221; global_colors_info=&#8221;{}&#8221;]<\/p>\n<p class=\"ds-markdown-paragraph\" style=\"text-align: justify;\"><span style=\"color: #000000;\">Der einzigartige Geschmack des Darjeeling-Tees verdankt sich den nat\u00fcrlichen Gegebenheiten der Region: der optimalen H\u00f6henlage, dem k\u00fchl-feuchten Klima und den reichhaltigen Monsunregen. Auf den fruchtbaren, abfallenden H\u00e4ngen des Himalaya \u2013 ideal f\u00fcr nat\u00fcrliche Entw\u00e4sserung \u2013 wird seit fast 200 Jahren der \u201eChampagner unter den Tees\u201c angebaut. Neben hochwertigem Schwarztee und Oolong gewinnen heute auch gr\u00fcner und wei\u00dfer Darjeeling-Tee an internationaler Beliebtheit.<\/span><\/p>\n<p class=\"ds-markdown-paragraph\" style=\"text-align: justify;\"><span style=\"color: #000000;\">Klassifiziert wird der Tee nach Erntezeiten, doch sein unverwechselbares Aroma entsteht durch die Handarbeit der Plantagenarbeiter:innen. Vor allem Frauen pfl\u00fccken das ganze Jahr \u00fcber sorgf\u00e4ltig die zarten \u201ezwei Bl\u00e4tter und eine Knospe\u201c \u2013 eine Technik, die gleichzeitig die Gesundheit der Teestr\u00e4ucher und die Fruchtbarkeit der B\u00f6den bewahrt.<\/span><\/p>\n<p class=\"ds-markdown-paragraph\" style=\"text-align: justify;\"><span style=\"color: #000000;\">Die Exklusivit\u00e4t des Darjeeling-Tees liegt auch in seiner traditionellen Verarbeitung: Anders als bei modernen CTC-Methoden (Crush, Tear, Curl), die Teebl\u00e4tter maschinell zerkleinern, setzen die Plantagen hier noch auf Handrolltechniken aus dem 19. Jahrhundert. So bleibt das blumig-moschusartige Aroma der Knospen erhalten, das Teekenner weltweit sch\u00e4tzen.<\/span><\/p>\n<p><span style=\"color: #000000;\"><\/span><\/p>\n<p><span style=\"color: #000000;\"><\/span><\/p>\n<p><span style=\"color: #000000;\">Darjeeling-Tee wird wie folgt klassifiziert:<\/span><\/p>\n<p>[\/et_pb_text][\/et_pb_column][\/et_pb_row][et_pb_row column_structure=&#8221;1_2,1_2&#8243; _builder_version=&#8221;4.27.4&#8243; _module_preset=&#8221;default&#8221; global_colors_info=&#8221;{}&#8221;][et_pb_column type=&#8221;1_2&#8243; _builder_version=&#8221;4.27.4&#8243; _module_preset=&#8221;default&#8221; global_colors_info=&#8221;{}&#8221;][et_pb_image src=&#8221;https:\/\/himalayandorjeeling.com\/wp-content\/uploads\/2025\/01\/16833438_10155142607338324_1082568057_o.jpg&#8221; title_text=&#8221;16833438_10155142607338324_1082568057_o&#8221; _builder_version=&#8221;4.27.4&#8243; _module_preset=&#8221;default&#8221; custom_padding=&#8221;85px||||false|false&#8221; global_colors_info=&#8221;{}&#8221;][\/et_pb_image][\/et_pb_column][et_pb_column type=&#8221;1_2&#8243; _builder_version=&#8221;4.27.4&#8243; _module_preset=&#8221;default&#8221; global_colors_info=&#8221;{}&#8221;][et_pb_text _builder_version=&#8221;4.27.4&#8243; _module_preset=&#8221;default&#8221; text_font_size=&#8221;16px&#8221; global_colors_info=&#8221;{}&#8221; custom_padding=&#8221;|||1px||&#8221;]<\/p>\n<p class=\"has-text-align-justify\" style=\"text-align: justify;\"><span style=\"color: #000000;\"><strong>1 ) FR\u00dcHLINGS- ODER ERSTE ERNTE (FIRST FLUSH)<\/strong><\/span><\/p>\n<p class=\"ds-markdown-paragraph\" style=\"text-align: justify;\"><span style=\"color: #000000;\">Mit dem Fr\u00fchlingserwachen nach der Winterpause beginnt in Darjeeling die erste und edelste Ernte des Jahres \u2013 der <em>First Flush<\/em>. Die Landschaft erwacht magisch: Frische Triebe sprie\u00dfen und verwandeln die H\u00fcgel in ein leuchtendes Meer aus Gr\u00fcn. Dieses Naturschauspiel pr\u00e4gt das Leben der Region. Schon in den fr\u00fchen Morgenstunden str\u00f6men die Pfl\u00fcckerinnen in die G\u00e4rten, um die zarten \u201ezwei Bl\u00e4tter und eine Knospe\u201c zu ernten. Ihre Eile hat einen Grund: Nur die frisch geernteten Triebe garantieren jenen spritzigen, blumigen Fr\u00fchlingstee, der weltweit Sehnsucht weckt.<\/span><\/p>\n<p class=\"ds-markdown-paragraph\" style=\"text-align: justify;\"><span style=\"color: #000000;\">Experten sch\u00e4tzen: F\u00fcr ein Kilo dieses kostbaren <em>First Flush<\/em> werden \u00fcber 22.000 der feinsten Triebe ben\u00f6tigt. Die Ernte muss bis sp\u00e4testens Ende April verarbeitet werden, da die zarten Fr\u00fchlingstriebe besonders empfindlich sind. In aufwendigen Handarbeitsschritten \u2013 vom Welken bis zum Rollen \u2013 entfalten die Bl\u00e4tter ihr charakteristisches Profil:<\/span><\/p>\n<ul style=\"text-align: justify;\">\n<li>\n<p class=\"ds-markdown-paragraph\"><span style=\"color: #000000;\"><strong>Aussehen:<\/strong> Limettengr\u00fcner Aufguss mit perlendem Schimmer.<\/span><\/p>\n<\/li>\n<li>\n<p class=\"ds-markdown-paragraph\"><span style=\"color: #000000;\"><strong>Aroma:<\/strong> Exquisit blumig, erinnert an Jasmin und Muskat-Trauben.<\/span><\/p>\n<\/li>\n<li>\n<p class=\"ds-markdown-paragraph\"><span style=\"color: #000000;\"><strong>Geschmack:<\/strong> Belebend frisch mit dezent herber Note und mineralischer Tiefe.<\/span><\/p>\n<\/li>\n<\/ul>\n<p class=\"ds-markdown-paragraph\" style=\"text-align: justify;\"><span style=\"color: #000000;\">Der Darjeeling First Flush ist nicht nur f\u00fcr sein unvergleichliches Bouquet ber\u00fchmt, sondern auch f\u00fcr seine gesundheitsf\u00f6rdernden Eigenschaften \u2013 reich an Antioxidantien und verdauungsanregenden Enzymen. Ein Tee, der den Fr\u00fchling im Glas einf\u00e4ngt und als \u201eChampagner der Teewelt\u201c gefeiert wird.<\/span><\/p>\n<p>[\/et_pb_text][\/et_pb_column][\/et_pb_row][et_pb_row column_structure=&#8221;1_2,1_2&#8243; _builder_version=&#8221;4.27.4&#8243; _module_preset=&#8221;default&#8221; global_colors_info=&#8221;{}&#8221;][et_pb_column type=&#8221;1_2&#8243; _builder_version=&#8221;4.27.4&#8243; _module_preset=&#8221;default&#8221; global_colors_info=&#8221;{}&#8221;][et_pb_text _builder_version=&#8221;4.27.4&#8243; _module_preset=&#8221;default&#8221; text_font_size=&#8221;16px&#8221; global_colors_info=&#8221;{}&#8221;]<\/p>\n<p class=\"has-text-align-justify\" style=\"text-align: justify;\"><span style=\"color: #000000;\"><strong>2) SOMMER- ODER ZWEITE ERNTE (SECOND FLUSH)<\/strong><\/span><\/p>\n<p class=\"ds-markdown-paragraph\" style=\"text-align: justify;\"><span style=\"color: #000000;\">Etwa einen Monat nach der Verarbeitung des Fr\u00fchlings-Tees (<em>First Flush<\/em>) beginnt in Darjeeling die Ernte des Sommertees (<em>Second Flush<\/em>). Wie die edlen Muskat-Trauben, aus denen s\u00fc\u00dfer Muskatwein entsteht, entwickeln die Teepflanzen nun saftige, aromatische Bl\u00e4tter. Diese sind etwas gr\u00f6\u00dfer als die zarten Fr\u00fchlings-Triebe und ergeben einen kr\u00e4ftigeren, bernsteinfarbenen Aufguss mit einem unverwechselbaren <em>Muscatel<\/em>-Aroma \u2013 einer Mischung aus reifen Fr\u00fcchten, Honig und dezentem Moschus.<\/span><\/p>\n<p class=\"ds-markdown-paragraph\" style=\"text-align: justify;\"><span style=\"color: #000000;\">Geerntet von Mai bis Juni, ist der Sommertee ein Sinnbild f\u00fcr die Harmonie aus Klima und Handwerkskunst: Das Fachwissen der Arbeiter:innen, die jede Phase von der Pfl\u00fcckung bis zur Oxidation pr\u00e4zise steuern, macht ihn zu einem der teuersten und begehrtesten Tees weltweit. Doch seine Verf\u00fcgbarkeit ist begrenzt \u2013 wahrhaft hochwertiger <em>Second Flush<\/em> ist nach der Produktion schnell vergriffen, ein rares Juwel f\u00fcr Kenner.<\/span><\/p>\n<p>[\/et_pb_text][\/et_pb_column][et_pb_column type=&#8221;1_2&#8243; _builder_version=&#8221;4.27.4&#8243; _module_preset=&#8221;default&#8221; global_colors_info=&#8221;{}&#8221;][et_pb_image src=&#8221;https:\/\/himalayandorjeeling.com\/wp-content\/uploads\/2025\/01\/IMG_1324.jpg&#8221; title_text=&#8221;IMG_1324&#8243; _builder_version=&#8221;4.27.4&#8243; _module_preset=&#8221;default&#8221; global_colors_info=&#8221;{}&#8221;][\/et_pb_image][\/et_pb_column][\/et_pb_row][et_pb_row column_structure=&#8221;1_2,1_2&#8243; _builder_version=&#8221;4.27.4&#8243; _module_preset=&#8221;default&#8221; global_colors_info=&#8221;{}&#8221; custom_padding=&#8221;||0px|||&#8221;][et_pb_column type=&#8221;1_2&#8243; _builder_version=&#8221;4.27.4&#8243; _module_preset=&#8221;default&#8221; global_colors_info=&#8221;{}&#8221;][et_pb_image src=&#8221;https:\/\/himalayandorjeeling.com\/wp-content\/uploads\/2024\/07\/rain-scaled.jpg&#8221; title_text=&#8221;rain&#8221; _builder_version=&#8221;4.27.4&#8243; _module_preset=&#8221;default&#8221; global_colors_info=&#8221;{}&#8221; custom_padding=&#8221;||0px|||&#8221;][\/et_pb_image][\/et_pb_column][et_pb_column type=&#8221;1_2&#8243; _builder_version=&#8221;4.27.4&#8243; _module_preset=&#8221;default&#8221; global_colors_info=&#8221;{}&#8221;][et_pb_text _builder_version=&#8221;4.27.4&#8243; _module_preset=&#8221;default&#8221; text_font_size=&#8221;16px&#8221; global_colors_info=&#8221;{}&#8221;]<\/p>\n<p class=\"has-text-align-justify\" style=\"text-align: justify;\"><span style=\"color: #000000;\"><strong><\/strong><\/span><\/p>\n<p class=\"has-text-align-justify\" style=\"text-align: justify;\"><strong style=\"font-size: 16px; color: #000000;\">3) MONSUN- ODER DRITTE ERNTE (THIRD FLUSH)<\/strong><\/p>\n<p style=\"text-align: justify;\"><span style=\"color: #000000;\">Wie der Name schon sagt, wird die Monsunernte w\u00e4hrend des Regenzeitgipfels zwischen Juli und September gepfl\u00fcckt. Aufgrund der heftigen Regenf\u00e4lle enthalten die saftigen ausgewachsenen Bl\u00e4tter mehr Feuchtigkeit, was zu einem starken, kupferfarbenen Aufguss f\u00fchrt. Milchtee, lokal bekannt als &#8220;Dud Ko Chia&#8221; (einige bevorzugen das Hinzuf\u00fcgen von Gew\u00fcrzen oder Honig), kann aufgrund seiner Geschmacksintensit\u00e4t und kaffee\u00e4hnlichen Farbe sehr gut mit dem Monsuntee zubereitet werden. Aber auch alle anderen Ernten k\u00f6nnen mit einer geeigneten Menge Milch getrunken werden. Die Pr\u00e4ferenz liegt ganz\u00a0beim Verbraucher. Manche m\u00f6gen es mit Zucker und Milch, andere sehnen sich einfach nach dem Geschmack der reinen zarten Bl\u00e4tter<\/span><\/p>\n<p>[\/et_pb_text][\/et_pb_column][\/et_pb_row][et_pb_row column_structure=&#8221;1_2,1_2&#8243; _builder_version=&#8221;4.27.4&#8243; _module_preset=&#8221;default&#8221; global_colors_info=&#8221;{}&#8221;][et_pb_column type=&#8221;1_2&#8243; _builder_version=&#8221;4.27.4&#8243; _module_preset=&#8221;default&#8221; global_colors_info=&#8221;{}&#8221;][et_pb_text _builder_version=&#8221;4.27.4&#8243; _module_preset=&#8221;default&#8221; text_font_size=&#8221;16px&#8221; global_colors_info=&#8221;{}&#8221;]<\/p>\n<p style=\"text-align: justify;\"><span style=\"color: #000000;\"><strong>4) HERBST- ODER VIERTE ERNTE (FOURTH FLUSH)<\/strong><\/span><\/p>\n<p class=\"has-text-align-justify\" style=\"text-align: justify;\"><span style=\"color: #000000;\">Wie der Name schon sagt, wird die Monsunernte w\u00e4hrend des Regenzeitgipfels zwischen Juli und September gepfl\u00fcckt. Aufgrund der heftigen Regenf\u00e4lle enthalten die saftigen ausgewachsenen Bl\u00e4tter mehr Feuchtigkeit, was zu einem starken, kupferfarbenen Aufguss f\u00fchrt. Milchtee, lokal bekannt als &#8220;Dud Ko Chia&#8221; (einige bevorzugen das Hinzuf\u00fcgen von Gew\u00fcrzen oder Honig), kann aufgrund seiner Geschmacksintensit\u00e4t und kaffee\u00e4hnlichen Farbe sehr gut mit dem Monsuntee zubereitet werden. Aber auch alle anderen Ernten k\u00f6nnen mit einer geeigneten Menge Milch getrunken werden. Die Pr\u00e4ferenz liegt ganz\u00a0beim Verbraucher. Manche m\u00f6gen es mit Zucker und Milch, andere sehnen sich einfach nach dem Geschmack der reinen zarten Bl\u00e4tter<\/span><\/p>\n<p>[\/et_pb_text][\/et_pb_column][et_pb_column type=&#8221;1_2&#8243; _builder_version=&#8221;4.27.4&#8243; _module_preset=&#8221;default&#8221; global_colors_info=&#8221;{}&#8221;][et_pb_image src=&#8221;https:\/\/himalayandorjeeling.com\/wp-content\/uploads\/2024\/10\/Poo-sec.jpg&#8221; title_text=&#8221;Poo sec&#8221; _builder_version=&#8221;4.27.4&#8243; _module_preset=&#8221;default&#8221; custom_padding=&#8221;2px||0px||false|false&#8221; global_colors_info=&#8221;{}&#8221;][\/et_pb_image][\/et_pb_column][\/et_pb_row][et_pb_row _builder_version=&#8221;4.24.2&#8243; _module_preset=&#8221;default&#8221; global_colors_info=&#8221;{}&#8221;][et_pb_column type=&#8221;4_4&#8243; _builder_version=&#8221;4.24.2&#8243; _module_preset=&#8221;default&#8221; global_colors_info=&#8221;{}&#8221;][et_pb_image src=&#8221;http:\/\/himalayandorjeeling.com\/wp-content\/uploads\/2024\/02\/IMG_3840.jpg&#8221; title_text=&#8221;IMG_3840&#8243; _builder_version=&#8221;4.24.2&#8243; _module_preset=&#8221;default&#8221; global_colors_info=&#8221;{}&#8221;][\/et_pb_image][\/et_pb_column][\/et_pb_row][\/et_pb_section]<\/p>\n","protected":false},"excerpt":{"rendered":"<p>\u201eIm Fr\u00fchling trifft der warme Monsunregen sanft auf die Berge des Himalaya. Magische Nebelschwaden steigen wie g\u00f6ttliche Drachen aus den W\u00e4ldern auf \u2013 so entfaltet sich die mystische Atmosph\u00e4re von Dorjeeling, dem heutigen Darjeeling. Hier, in den Ausl\u00e4ufern des Himalaya auf 700 bis 2.100 Metern H\u00f6he, w\u00e4chst der ber\u00fchmte *Himalaya-Dorjeeling-Tee*, der weltweit als *Darjeeling-Tee* bekannt [&hellip;]<\/p>\n","protected":false},"author":1,"featured_media":0,"parent":2,"menu_order":0,"comment_status":"open","ping_status":"closed","template":"","meta":{"_et_pb_use_builder":"on","_et_pb_old_content":"<!-- wp:divi\/placeholder \/-->","_et_gb_content_width":"","jetpack_post_was_ever_published":true,"footnotes":""},"class_list":["post-100","page","type-page","status-publish","hentry"],"jetpack_sharing_enabled":true,"_links":{"self":[{"href":"https:\/\/himalayandorjeeling.com\/index.php?rest_route=\/wp\/v2\/pages\/100","targetHints":{"allow":["GET"]}}],"collection":[{"href":"https:\/\/himalayandorjeeling.com\/index.php?rest_route=\/wp\/v2\/pages"}],"about":[{"href":"https:\/\/himalayandorjeeling.com\/index.php?rest_route=\/wp\/v2\/types\/page"}],"author":[{"embeddable":true,"href":"https:\/\/himalayandorjeeling.com\/index.php?rest_route=\/wp\/v2\/users\/1"}],"replies":[{"embeddable":true,"href":"https:\/\/himalayandorjeeling.com\/index.php?rest_route=%2Fwp%2Fv2%2Fcomments&post=100"}],"version-history":[{"count":10,"href":"https:\/\/himalayandorjeeling.com\/index.php?rest_route=\/wp\/v2\/pages\/100\/revisions"}],"predecessor-version":[{"id":937,"href":"https:\/\/himalayandorjeeling.com\/index.php?rest_route=\/wp\/v2\/pages\/100\/revisions\/937"}],"up":[{"embeddable":true,"href":"https:\/\/himalayandorjeeling.com\/index.php?rest_route=\/wp\/v2\/pages\/2"}],"wp:attachment":[{"href":"https:\/\/himalayandorjeeling.com\/index.php?rest_route=%2Fwp%2Fv2%2Fmedia&parent=100"}],"curies":[{"name":"wp","href":"https:\/\/api.w.org\/{rel}","templated":true}]}}